{"id":1528,"date":"2019-06-18T13:06:33","date_gmt":"2019-06-18T13:06:33","guid":{"rendered":"https:\/\/maxkihm.com\/datenschutz"},"modified":"2021-03-27T14:10:05","modified_gmt":"2021-03-27T14:10:05","slug":"datenschutz","status":"publish","type":"page","link":"https:\/\/maxkihm.com\/de\/datenschutz","title":{"rendered":"Datenschutz"},"content":{"rendered":"<div id=\"cs-content\" class=\"cs-content\"><\/div>\n","protected":false},"excerpt":{"rendered":"<p>Datenschutzerkl&auml;rung Verantwortliche Stelle im Sinne der Datenschutzgesetze, insbesondere der EU-Datenschutzgrundverordnung (DSGVO), ist: Max Kihm Ihre Betroffenenrechte Unter den angegebenen Kontaktdaten unseres Datenschutzbeauftragten k\u00f6nnen Sie jederzeit folgende Rechte aus\u00fcben: Auskunft \u00fcber Ihre bei uns gespeicherten Daten und deren Verarbeitung (Art. 15 DSGVO), Berichtigung unrichtiger personenbezogener Daten (Art. 16 DSGVO), L\u00f6schung Ihrer bei uns gespeicherten Daten (Art. 17 DSGVO), Einschr\u00e4nkung der Datenverarbeitung, &#8230; <\/p>\n<div><a href=\"https:\/\/maxkihm.com\/de\/datenschutz\" class=\"more-link\">Read More<\/a><\/div>\n","protected":false},"author":1,"featured_media":0,"parent":0,"menu_order":0,"comment_status":"closed","ping_status":"closed","template":"template-blank-4.php","meta":{"_acf_changed":false,"footnotes":""},"class_list":["post-1528","page","type-page","status-publish","hentry","no-post-thumbnail"],"acf":[],"yoast_head":"<!-- This site is optimized with the Yoast SEO plugin v27.3 - https:\/\/yoast.com\/product\/yoast-seo-wordpress\/ -->\n<title>Datenschutz - Max Kihm - Leadership Developer &amp; Basketballcoach<\/title>\n<meta name=\"robots\" content=\"index, follow, max-snippet:-1, max-image-preview:large, max-video-preview:-1\" \/>\n<link rel=\"canonical\" href=\"https:\/\/maxkihm.com\/de\/datenschutz\" \/>\n<meta property=\"og:locale\" content=\"de_DE\" \/>\n<meta property=\"og:type\" content=\"article\" \/>\n<meta property=\"og:title\" content=\"Datenschutz - Max Kihm - Leadership Developer &amp; Basketballcoach\" \/>\n<meta property=\"og:description\" content=\"Datenschutzerkl&auml;rung Verantwortliche Stelle im Sinne der Datenschutzgesetze, insbesondere der EU-Datenschutzgrundverordnung (DSGVO), ist: Max Kihm Ihre Betroffenenrechte Unter den angegebenen Kontaktdaten unseres Datenschutzbeauftragten k\u00f6nnen Sie jederzeit folgende Rechte aus\u00fcben: Auskunft \u00fcber Ihre bei uns gespeicherten Daten und deren Verarbeitung (Art. 15 DSGVO), Berichtigung unrichtiger personenbezogener Daten (Art. 16 DSGVO), L\u00f6schung Ihrer bei uns gespeicherten Daten (Art. 17 DSGVO), Einschr\u00e4nkung der Datenverarbeitung, ... Read More\" \/>\n<meta property=\"og:url\" content=\"https:\/\/maxkihm.com\/de\/datenschutz\" \/>\n<meta property=\"og:site_name\" content=\"Max Kihm - Leadership Developer &amp; Basketballcoach\" \/>\n<meta property=\"article:modified_time\" content=\"2021-03-27T14:10:05+00:00\" \/>\n<meta name=\"twitter:card\" content=\"summary_large_image\" \/>\n<meta name=\"twitter:label1\" content=\"Gesch\u00e4tzte Lesezeit\" \/>\n\t<meta name=\"twitter:data1\" content=\"23\u00a0Minuten\" \/>\n<script type=\"application\/ld+json\" class=\"yoast-schema-graph\">{\"@context\":\"https:\\\/\\\/schema.org\",\"@graph\":[{\"@type\":\"WebPage\",\"@id\":\"https:\\\/\\\/maxkihm.com\\\/de\\\/datenschutz\",\"url\":\"https:\\\/\\\/maxkihm.com\\\/de\\\/datenschutz\",\"name\":\"Datenschutz - Max Kihm - Leadership Developer &amp; Basketballcoach\",\"isPartOf\":{\"@id\":\"https:\\\/\\\/maxkihm.com\\\/de#website\"},\"datePublished\":\"2019-06-18T13:06:33+00:00\",\"dateModified\":\"2021-03-27T14:10:05+00:00\",\"breadcrumb\":{\"@id\":\"https:\\\/\\\/maxkihm.com\\\/de\\\/datenschutz#breadcrumb\"},\"inLanguage\":\"de\",\"potentialAction\":[{\"@type\":\"ReadAction\",\"target\":[\"https:\\\/\\\/maxkihm.com\\\/de\\\/datenschutz\"]}]},{\"@type\":\"BreadcrumbList\",\"@id\":\"https:\\\/\\\/maxkihm.com\\\/de\\\/datenschutz#breadcrumb\",\"itemListElement\":[{\"@type\":\"ListItem\",\"position\":1,\"name\":\"Startseite\",\"item\":\"https:\\\/\\\/maxkihm.com\\\/de\"},{\"@type\":\"ListItem\",\"position\":2,\"name\":\"Datenschutz\"}]},{\"@type\":\"WebSite\",\"@id\":\"https:\\\/\\\/maxkihm.com\\\/de#website\",\"url\":\"https:\\\/\\\/maxkihm.com\\\/de\",\"name\":\"Max Kihm - Leadership Developer &amp; Basketballcoach\",\"description\":\"#Beingenthusiastic\",\"potentialAction\":[{\"@type\":\"SearchAction\",\"target\":{\"@type\":\"EntryPoint\",\"urlTemplate\":\"https:\\\/\\\/maxkihm.com\\\/de?s={search_term_string}\"},\"query-input\":{\"@type\":\"PropertyValueSpecification\",\"valueRequired\":true,\"valueName\":\"search_term_string\"}}],\"inLanguage\":\"de\"}]}<\/script>\n<!-- \/ Yoast SEO plugin. -->","yoast_head_json":{"title":"Datenschutz - Max Kihm - Leadership Developer &amp; Basketballcoach","robots":{"index":"index","follow":"follow","max-snippet":"max-snippet:-1","max-image-preview":"max-image-preview:large","max-video-preview":"max-video-preview:-1"},"canonical":"https:\/\/maxkihm.com\/de\/datenschutz","og_locale":"de_DE","og_type":"article","og_title":"Datenschutz - Max Kihm - Leadership Developer &amp; Basketballcoach","og_description":"Datenschutzerkl&auml;rung Verantwortliche Stelle im Sinne der Datenschutzgesetze, insbesondere der EU-Datenschutzgrundverordnung (DSGVO), ist: Max Kihm Ihre Betroffenenrechte Unter den angegebenen Kontaktdaten unseres Datenschutzbeauftragten k\u00f6nnen Sie jederzeit folgende Rechte aus\u00fcben: Auskunft \u00fcber Ihre bei uns gespeicherten Daten und deren Verarbeitung (Art. 15 DSGVO), Berichtigung unrichtiger personenbezogener Daten (Art. 16 DSGVO), L\u00f6schung Ihrer bei uns gespeicherten Daten (Art. 17 DSGVO), Einschr\u00e4nkung der Datenverarbeitung, ... Read More","og_url":"https:\/\/maxkihm.com\/de\/datenschutz","og_site_name":"Max Kihm - Leadership Developer &amp; Basketballcoach","article_modified_time":"2021-03-27T14:10:05+00:00","twitter_card":"summary_large_image","twitter_misc":{"Gesch\u00e4tzte Lesezeit":"23\u00a0Minuten"},"schema":{"@context":"https:\/\/schema.org","@graph":[{"@type":"WebPage","@id":"https:\/\/maxkihm.com\/de\/datenschutz","url":"https:\/\/maxkihm.com\/de\/datenschutz","name":"Datenschutz - Max Kihm - Leadership Developer &amp; Basketballcoach","isPartOf":{"@id":"https:\/\/maxkihm.com\/de#website"},"datePublished":"2019-06-18T13:06:33+00:00","dateModified":"2021-03-27T14:10:05+00:00","breadcrumb":{"@id":"https:\/\/maxkihm.com\/de\/datenschutz#breadcrumb"},"inLanguage":"de","potentialAction":[{"@type":"ReadAction","target":["https:\/\/maxkihm.com\/de\/datenschutz"]}]},{"@type":"BreadcrumbList","@id":"https:\/\/maxkihm.com\/de\/datenschutz#breadcrumb","itemListElement":[{"@type":"ListItem","position":1,"name":"Startseite","item":"https:\/\/maxkihm.com\/de"},{"@type":"ListItem","position":2,"name":"Datenschutz"}]},{"@type":"WebSite","@id":"https:\/\/maxkihm.com\/de#website","url":"https:\/\/maxkihm.com\/de","name":"Max Kihm - Leadership Developer &amp; Basketballcoach","description":"#Beingenthusiastic","potentialAction":[{"@type":"SearchAction","target":{"@type":"EntryPoint","urlTemplate":"https:\/\/maxkihm.com\/de?s={search_term_string}"},"query-input":{"@type":"PropertyValueSpecification","valueRequired":true,"valueName":"search_term_string"}}],"inLanguage":"de"}]}},"_links":{"self":[{"href":"https:\/\/maxkihm.com\/de\/wp-json\/wp\/v2\/pages\/1528","targetHints":{"allow":["GET"]}}],"collection":[{"href":"https:\/\/maxkihm.com\/de\/wp-json\/wp\/v2\/pages"}],"about":[{"href":"https:\/\/maxkihm.com\/de\/wp-json\/wp\/v2\/types\/page"}],"author":[{"embeddable":true,"href":"https:\/\/maxkihm.com\/de\/wp-json\/wp\/v2\/users\/1"}],"replies":[{"embeddable":true,"href":"https:\/\/maxkihm.com\/de\/wp-json\/wp\/v2\/comments?post=1528"}],"version-history":[{"count":2,"href":"https:\/\/maxkihm.com\/de\/wp-json\/wp\/v2\/pages\/1528\/revisions"}],"predecessor-version":[{"id":1572,"href":"https:\/\/maxkihm.com\/de\/wp-json\/wp\/v2\/pages\/1528\/revisions\/1572"}],"wp:attachment":[{"href":"https:\/\/maxkihm.com\/de\/wp-json\/wp\/v2\/media?parent=1528"}],"curies":[{"name":"wp","href":"https:\/\/api.w.org\/{rel}","templated":true}]}}