{"id":1529,"date":"2019-06-18T10:05:19","date_gmt":"2019-06-18T10:05:19","guid":{"rendered":"https:\/\/maxkihm.com\/impressum"},"modified":"2021-04-13T13:58:16","modified_gmt":"2021-04-13T13:58:16","slug":"impressum","status":"publish","type":"page","link":"https:\/\/maxkihm.com\/de\/impressum","title":{"rendered":"Impressum"},"content":{"rendered":"<div id=\"cs-content\" class=\"cs-content\"><\/div>\n","protected":false},"excerpt":{"rendered":"<p>Impressum Maximilian Kihm Adresse auf Anfrage Holzkirchen D-Germany Steuernummer: 139\/236\/11422 Identifikationsnummer: 52 373 984 604 Kontakt E-Mail: kontakt@maxkihm.de Verantwortlich f\u00fcr den Inhalt nach \u00a7 55 Abs. 2 RStV: Maximilian Kihm Adresse auf Anfrage Holzkirchen D-Germany Haftung f\u00fcr Inhalte Als Diensteanbieter sind wir gem\u00e4\u00df \u00a7 7 Abs.1 TMG f\u00fcr eigene Inhalte auf diesen Seiten nach den allgemeinen Gesetzen verantwortlich. Nach \u00a7\u00a7 &#8230; <\/p>\n<div><a href=\"https:\/\/maxkihm.com\/de\/impressum\" class=\"more-link\">Read More<\/a><\/div>\n","protected":false},"author":1,"featured_media":0,"parent":0,"menu_order":0,"comment_status":"closed","ping_status":"closed","template":"template-blank-4.php","meta":{"_acf_changed":false,"footnotes":""},"class_list":["post-1529","page","type-page","status-publish","hentry","no-post-thumbnail"],"acf":[],"yoast_head":"<!-- This site is optimized with the Yoast SEO plugin v27.3 - https:\/\/yoast.com\/product\/yoast-seo-wordpress\/ -->\n<title>Impressum - Max Kihm - Leadership Developer &amp; Basketballcoach<\/title>\n<meta name=\"robots\" content=\"index, follow, max-snippet:-1, max-image-preview:large, max-video-preview:-1\" \/>\n<link rel=\"canonical\" href=\"https:\/\/maxkihm.com\/de\/impressum\" \/>\n<meta property=\"og:locale\" content=\"de_DE\" \/>\n<meta property=\"og:type\" content=\"article\" \/>\n<meta property=\"og:title\" content=\"Impressum - Max Kihm - Leadership Developer &amp; Basketballcoach\" \/>\n<meta property=\"og:description\" content=\"Impressum Maximilian Kihm Adresse auf Anfrage Holzkirchen D-Germany Steuernummer: 139\/236\/11422 Identifikationsnummer: 52 373 984 604 Kontakt E-Mail: kontakt@maxkihm.de Verantwortlich f\u00fcr den Inhalt nach \u00a7 55 Abs. 2 RStV: Maximilian Kihm Adresse auf Anfrage Holzkirchen D-Germany Haftung f\u00fcr Inhalte Als Diensteanbieter sind wir gem\u00e4\u00df \u00a7 7 Abs.1 TMG f\u00fcr eigene Inhalte auf diesen Seiten nach den allgemeinen Gesetzen verantwortlich. Nach \u00a7\u00a7 ... Read More\" \/>\n<meta property=\"og:url\" content=\"https:\/\/maxkihm.com\/de\/impressum\" \/>\n<meta property=\"og:site_name\" content=\"Max Kihm - Leadership Developer &amp; Basketballcoach\" \/>\n<meta property=\"article:modified_time\" content=\"2021-04-13T13:58:16+00:00\" \/>\n<meta name=\"twitter:card\" content=\"summary_large_image\" \/>\n<meta name=\"twitter:label1\" content=\"Gesch\u00e4tzte Lesezeit\" \/>\n\t<meta name=\"twitter:data1\" content=\"2\u00a0Minuten\" \/>\n<script type=\"application\/ld+json\" class=\"yoast-schema-graph\">{\"@context\":\"https:\\\/\\\/schema.org\",\"@graph\":[{\"@type\":\"WebPage\",\"@id\":\"https:\\\/\\\/maxkihm.com\\\/de\\\/impressum\",\"url\":\"https:\\\/\\\/maxkihm.com\\\/de\\\/impressum\",\"name\":\"Impressum - Max Kihm - Leadership Developer &amp; Basketballcoach\",\"isPartOf\":{\"@id\":\"https:\\\/\\\/maxkihm.com\\\/de#website\"},\"datePublished\":\"2019-06-18T10:05:19+00:00\",\"dateModified\":\"2021-04-13T13:58:16+00:00\",\"breadcrumb\":{\"@id\":\"https:\\\/\\\/maxkihm.com\\\/de\\\/impressum#breadcrumb\"},\"inLanguage\":\"de\",\"potentialAction\":[{\"@type\":\"ReadAction\",\"target\":[\"https:\\\/\\\/maxkihm.com\\\/de\\\/impressum\"]}]},{\"@type\":\"BreadcrumbList\",\"@id\":\"https:\\\/\\\/maxkihm.com\\\/de\\\/impressum#breadcrumb\",\"itemListElement\":[{\"@type\":\"ListItem\",\"position\":1,\"name\":\"Startseite\",\"item\":\"https:\\\/\\\/maxkihm.com\\\/de\"},{\"@type\":\"ListItem\",\"position\":2,\"name\":\"Impressum\"}]},{\"@type\":\"WebSite\",\"@id\":\"https:\\\/\\\/maxkihm.com\\\/de#website\",\"url\":\"https:\\\/\\\/maxkihm.com\\\/de\",\"name\":\"Max Kihm - Leadership Developer &amp; Basketballcoach\",\"description\":\"#Beingenthusiastic\",\"potentialAction\":[{\"@type\":\"SearchAction\",\"target\":{\"@type\":\"EntryPoint\",\"urlTemplate\":\"https:\\\/\\\/maxkihm.com\\\/de?s={search_term_string}\"},\"query-input\":{\"@type\":\"PropertyValueSpecification\",\"valueRequired\":true,\"valueName\":\"search_term_string\"}}],\"inLanguage\":\"de\"}]}<\/script>\n<!-- \/ Yoast SEO plugin. -->","yoast_head_json":{"title":"Impressum - Max Kihm - Leadership Developer &amp; Basketballcoach","robots":{"index":"index","follow":"follow","max-snippet":"max-snippet:-1","max-image-preview":"max-image-preview:large","max-video-preview":"max-video-preview:-1"},"canonical":"https:\/\/maxkihm.com\/de\/impressum","og_locale":"de_DE","og_type":"article","og_title":"Impressum - Max Kihm - Leadership Developer &amp; Basketballcoach","og_description":"Impressum Maximilian Kihm Adresse auf Anfrage Holzkirchen D-Germany Steuernummer: 139\/236\/11422 Identifikationsnummer: 52 373 984 604 Kontakt E-Mail: kontakt@maxkihm.de Verantwortlich f\u00fcr den Inhalt nach \u00a7 55 Abs. 2 RStV: Maximilian Kihm Adresse auf Anfrage Holzkirchen D-Germany Haftung f\u00fcr Inhalte Als Diensteanbieter sind wir gem\u00e4\u00df \u00a7 7 Abs.1 TMG f\u00fcr eigene Inhalte auf diesen Seiten nach den allgemeinen Gesetzen verantwortlich. Nach \u00a7\u00a7 ... Read More","og_url":"https:\/\/maxkihm.com\/de\/impressum","og_site_name":"Max Kihm - Leadership Developer &amp; Basketballcoach","article_modified_time":"2021-04-13T13:58:16+00:00","twitter_card":"summary_large_image","twitter_misc":{"Gesch\u00e4tzte Lesezeit":"2\u00a0Minuten"},"schema":{"@context":"https:\/\/schema.org","@graph":[{"@type":"WebPage","@id":"https:\/\/maxkihm.com\/de\/impressum","url":"https:\/\/maxkihm.com\/de\/impressum","name":"Impressum - Max Kihm - Leadership Developer &amp; Basketballcoach","isPartOf":{"@id":"https:\/\/maxkihm.com\/de#website"},"datePublished":"2019-06-18T10:05:19+00:00","dateModified":"2021-04-13T13:58:16+00:00","breadcrumb":{"@id":"https:\/\/maxkihm.com\/de\/impressum#breadcrumb"},"inLanguage":"de","potentialAction":[{"@type":"ReadAction","target":["https:\/\/maxkihm.com\/de\/impressum"]}]},{"@type":"BreadcrumbList","@id":"https:\/\/maxkihm.com\/de\/impressum#breadcrumb","itemListElement":[{"@type":"ListItem","position":1,"name":"Startseite","item":"https:\/\/maxkihm.com\/de"},{"@type":"ListItem","position":2,"name":"Impressum"}]},{"@type":"WebSite","@id":"https:\/\/maxkihm.com\/de#website","url":"https:\/\/maxkihm.com\/de","name":"Max Kihm - Leadership Developer &amp; Basketballcoach","description":"#Beingenthusiastic","potentialAction":[{"@type":"SearchAction","target":{"@type":"EntryPoint","urlTemplate":"https:\/\/maxkihm.com\/de?s={search_term_string}"},"query-input":{"@type":"PropertyValueSpecification","valueRequired":true,"valueName":"search_term_string"}}],"inLanguage":"de"}]}},"_links":{"self":[{"href":"https:\/\/maxkihm.com\/de\/wp-json\/wp\/v2\/pages\/1529","targetHints":{"allow":["GET"]}}],"collection":[{"href":"https:\/\/maxkihm.com\/de\/wp-json\/wp\/v2\/pages"}],"about":[{"href":"https:\/\/maxkihm.com\/de\/wp-json\/wp\/v2\/types\/page"}],"author":[{"embeddable":true,"href":"https:\/\/maxkihm.com\/de\/wp-json\/wp\/v2\/users\/1"}],"replies":[{"embeddable":true,"href":"https:\/\/maxkihm.com\/de\/wp-json\/wp\/v2\/comments?post=1529"}],"version-history":[{"count":2,"href":"https:\/\/maxkihm.com\/de\/wp-json\/wp\/v2\/pages\/1529\/revisions"}],"predecessor-version":[{"id":1749,"href":"https:\/\/maxkihm.com\/de\/wp-json\/wp\/v2\/pages\/1529\/revisions\/1749"}],"wp:attachment":[{"href":"https:\/\/maxkihm.com\/de\/wp-json\/wp\/v2\/media?parent=1529"}],"curies":[{"name":"wp","href":"https:\/\/api.w.org\/{rel}","templated":true}]}}