{"id":2035,"date":"2021-08-30T14:23:12","date_gmt":"2021-08-30T14:23:12","guid":{"rendered":"https:\/\/maxkihm.com\/keynotes"},"modified":"2024-03-25T15:21:42","modified_gmt":"2024-03-25T15:21:42","slug":"keynotes","status":"publish","type":"page","link":"https:\/\/maxkihm.com\/de\/keynotes","title":{"rendered":"Keynotes"},"content":{"rendered":"<div id=\"cs-content\" class=\"cs-content\"><\/div>\n","protected":false},"excerpt":{"rendered":"<p>F\u00fchren mit Vision &#8211; schnelle Entscheidungen erm\u00f6glichen Warum bin ich F\u00fchrungskraft geworden? Wie schaffe ich es, dass mein Team und ich in unserem Unternehmen Erfolg haben?Inspirierende Leadership &#8211; Keynotes &#038; Workshops Wie f&uuml;hren Coaches ihr Team zum Erfolg?F\u00fchren mit Vision &#8211; schnelle Entscheidungen erm\u00f6glichen Warum bin ich F\u00fchrungskraft geworden? Wie schaffe ich es, dass mein Team und ich in unserem &#8230; <\/p>\n<div><a href=\"https:\/\/maxkihm.com\/de\/keynotes\" class=\"more-link\">Read More<\/a><\/div>\n","protected":false},"author":1,"featured_media":3014,"parent":0,"menu_order":0,"comment_status":"closed","ping_status":"closed","template":"template-blank-4.php","meta":{"_acf_changed":false,"footnotes":""},"class_list":["post-2035","page","type-page","status-publish","has-post-thumbnail","hentry"],"acf":[],"yoast_head":"<!-- This site is optimized with the Yoast SEO plugin v27.3 - https:\/\/yoast.com\/product\/yoast-seo-wordpress\/ -->\n<title>Keynotes &amp; inspirierende Workshops - Max Kihm - Leadership Developer &amp; Basketballcoach<\/title>\n<meta name=\"robots\" content=\"index, follow, max-snippet:-1, max-image-preview:large, max-video-preview:-1\" \/>\n<link rel=\"canonical\" href=\"https:\/\/maxkihm.com\/de\/keynotes\" \/>\n<meta property=\"og:locale\" content=\"de_DE\" \/>\n<meta property=\"og:type\" content=\"article\" \/>\n<meta property=\"og:title\" content=\"Keynotes &amp; inspirierende Workshops - Max Kihm - Leadership Developer &amp; Basketballcoach\" \/>\n<meta property=\"og:description\" content=\"F\u00fchren mit Vision - schnelle Entscheidungen erm\u00f6glichen Warum bin ich F\u00fchrungskraft geworden? Wie schaffe ich es, dass mein Team und ich in unserem Unternehmen Erfolg haben?Inspirierende Leadership - Keynotes &amp; Workshops Wie f&uuml;hren Coaches ihr Team zum Erfolg?F\u00fchren mit Vision - schnelle Entscheidungen erm\u00f6glichen Warum bin ich F\u00fchrungskraft geworden? Wie schaffe ich es, dass mein Team und ich in unserem ... Read More\" \/>\n<meta property=\"og:url\" content=\"https:\/\/maxkihm.com\/de\/keynotes\" \/>\n<meta property=\"og:site_name\" content=\"Max Kihm - Leadership Developer &amp; Basketballcoach\" \/>\n<meta property=\"article:modified_time\" content=\"2024-03-25T15:21:42+00:00\" \/>\n<meta property=\"og:image\" content=\"https:\/\/maxkihm.com\/wp-content\/uploads\/2023\/07\/iStock-1044417958-2.jpg\" \/>\n\t<meta property=\"og:image:width\" content=\"724\" \/>\n\t<meta property=\"og:image:height\" content=\"483\" \/>\n\t<meta property=\"og:image:type\" content=\"image\/jpeg\" \/>\n<meta name=\"twitter:card\" content=\"summary_large_image\" \/>\n<meta name=\"twitter:label1\" content=\"Gesch\u00e4tzte Lesezeit\" \/>\n\t<meta name=\"twitter:data1\" content=\"4\u00a0Minuten\" \/>\n<script type=\"application\/ld+json\" class=\"yoast-schema-graph\">{\"@context\":\"https:\\\/\\\/schema.org\",\"@graph\":[{\"@type\":\"WebPage\",\"@id\":\"https:\\\/\\\/maxkihm.com\\\/de\\\/keynotes\",\"url\":\"https:\\\/\\\/maxkihm.com\\\/de\\\/keynotes\",\"name\":\"Keynotes & inspirierende Workshops - Max Kihm - Leadership Developer &amp; Basketballcoach\",\"isPartOf\":{\"@id\":\"https:\\\/\\\/maxkihm.com\\\/de#website\"},\"primaryImageOfPage\":{\"@id\":\"https:\\\/\\\/maxkihm.com\\\/de\\\/keynotes#primaryimage\"},\"image\":{\"@id\":\"https:\\\/\\\/maxkihm.com\\\/de\\\/keynotes#primaryimage\"},\"thumbnailUrl\":\"https:\\\/\\\/maxkihm.com\\\/wp-content\\\/uploads\\\/2023\\\/07\\\/iStock-1044417958-2.jpg\",\"datePublished\":\"2021-08-30T14:23:12+00:00\",\"dateModified\":\"2024-03-25T15:21:42+00:00\",\"breadcrumb\":{\"@id\":\"https:\\\/\\\/maxkihm.com\\\/de\\\/keynotes#breadcrumb\"},\"inLanguage\":\"de\",\"potentialAction\":[{\"@type\":\"ReadAction\",\"target\":[\"https:\\\/\\\/maxkihm.com\\\/de\\\/keynotes\"]}]},{\"@type\":\"ImageObject\",\"inLanguage\":\"de\",\"@id\":\"https:\\\/\\\/maxkihm.com\\\/de\\\/keynotes#primaryimage\",\"url\":\"https:\\\/\\\/maxkihm.com\\\/wp-content\\\/uploads\\\/2023\\\/07\\\/iStock-1044417958-2.jpg\",\"contentUrl\":\"https:\\\/\\\/maxkihm.com\\\/wp-content\\\/uploads\\\/2023\\\/07\\\/iStock-1044417958-2.jpg\",\"width\":724,\"height\":483,\"caption\":\"Young people showing team spirit\"},{\"@type\":\"BreadcrumbList\",\"@id\":\"https:\\\/\\\/maxkihm.com\\\/de\\\/keynotes#breadcrumb\",\"itemListElement\":[{\"@type\":\"ListItem\",\"position\":1,\"name\":\"Startseite\",\"item\":\"https:\\\/\\\/maxkihm.com\\\/de\"},{\"@type\":\"ListItem\",\"position\":2,\"name\":\"Keynotes\"}]},{\"@type\":\"WebSite\",\"@id\":\"https:\\\/\\\/maxkihm.com\\\/de#website\",\"url\":\"https:\\\/\\\/maxkihm.com\\\/de\",\"name\":\"Max Kihm - Leadership Developer &amp; Basketballcoach\",\"description\":\"#Beingenthusiastic\",\"potentialAction\":[{\"@type\":\"SearchAction\",\"target\":{\"@type\":\"EntryPoint\",\"urlTemplate\":\"https:\\\/\\\/maxkihm.com\\\/de?s={search_term_string}\"},\"query-input\":{\"@type\":\"PropertyValueSpecification\",\"valueRequired\":true,\"valueName\":\"search_term_string\"}}],\"inLanguage\":\"de\"}]}<\/script>\n<!-- \/ Yoast SEO plugin. -->","yoast_head_json":{"title":"Keynotes & inspirierende Workshops - Max Kihm - Leadership Developer &amp; Basketballcoach","robots":{"index":"index","follow":"follow","max-snippet":"max-snippet:-1","max-image-preview":"max-image-preview:large","max-video-preview":"max-video-preview:-1"},"canonical":"https:\/\/maxkihm.com\/de\/keynotes","og_locale":"de_DE","og_type":"article","og_title":"Keynotes & inspirierende Workshops - Max Kihm - Leadership Developer &amp; Basketballcoach","og_description":"F\u00fchren mit Vision - schnelle Entscheidungen erm\u00f6glichen Warum bin ich F\u00fchrungskraft geworden? Wie schaffe ich es, dass mein Team und ich in unserem Unternehmen Erfolg haben?Inspirierende Leadership - Keynotes & Workshops Wie f&uuml;hren Coaches ihr Team zum Erfolg?F\u00fchren mit Vision - schnelle Entscheidungen erm\u00f6glichen Warum bin ich F\u00fchrungskraft geworden? Wie schaffe ich es, dass mein Team und ich in unserem ... Read More","og_url":"https:\/\/maxkihm.com\/de\/keynotes","og_site_name":"Max Kihm - Leadership Developer &amp; Basketballcoach","article_modified_time":"2024-03-25T15:21:42+00:00","og_image":[{"width":724,"height":483,"url":"https:\/\/maxkihm.com\/wp-content\/uploads\/2023\/07\/iStock-1044417958-2.jpg","type":"image\/jpeg"}],"twitter_card":"summary_large_image","twitter_misc":{"Gesch\u00e4tzte Lesezeit":"4\u00a0Minuten"},"schema":{"@context":"https:\/\/schema.org","@graph":[{"@type":"WebPage","@id":"https:\/\/maxkihm.com\/de\/keynotes","url":"https:\/\/maxkihm.com\/de\/keynotes","name":"Keynotes & inspirierende Workshops - Max Kihm - Leadership Developer &amp; Basketballcoach","isPartOf":{"@id":"https:\/\/maxkihm.com\/de#website"},"primaryImageOfPage":{"@id":"https:\/\/maxkihm.com\/de\/keynotes#primaryimage"},"image":{"@id":"https:\/\/maxkihm.com\/de\/keynotes#primaryimage"},"thumbnailUrl":"https:\/\/maxkihm.com\/wp-content\/uploads\/2023\/07\/iStock-1044417958-2.jpg","datePublished":"2021-08-30T14:23:12+00:00","dateModified":"2024-03-25T15:21:42+00:00","breadcrumb":{"@id":"https:\/\/maxkihm.com\/de\/keynotes#breadcrumb"},"inLanguage":"de","potentialAction":[{"@type":"ReadAction","target":["https:\/\/maxkihm.com\/de\/keynotes"]}]},{"@type":"ImageObject","inLanguage":"de","@id":"https:\/\/maxkihm.com\/de\/keynotes#primaryimage","url":"https:\/\/maxkihm.com\/wp-content\/uploads\/2023\/07\/iStock-1044417958-2.jpg","contentUrl":"https:\/\/maxkihm.com\/wp-content\/uploads\/2023\/07\/iStock-1044417958-2.jpg","width":724,"height":483,"caption":"Young people showing team spirit"},{"@type":"BreadcrumbList","@id":"https:\/\/maxkihm.com\/de\/keynotes#breadcrumb","itemListElement":[{"@type":"ListItem","position":1,"name":"Startseite","item":"https:\/\/maxkihm.com\/de"},{"@type":"ListItem","position":2,"name":"Keynotes"}]},{"@type":"WebSite","@id":"https:\/\/maxkihm.com\/de#website","url":"https:\/\/maxkihm.com\/de","name":"Max Kihm - Leadership Developer &amp; Basketballcoach","description":"#Beingenthusiastic","potentialAction":[{"@type":"SearchAction","target":{"@type":"EntryPoint","urlTemplate":"https:\/\/maxkihm.com\/de?s={search_term_string}"},"query-input":{"@type":"PropertyValueSpecification","valueRequired":true,"valueName":"search_term_string"}}],"inLanguage":"de"}]}},"_links":{"self":[{"href":"https:\/\/maxkihm.com\/de\/wp-json\/wp\/v2\/pages\/2035","targetHints":{"allow":["GET"]}}],"collection":[{"href":"https:\/\/maxkihm.com\/de\/wp-json\/wp\/v2\/pages"}],"about":[{"href":"https:\/\/maxkihm.com\/de\/wp-json\/wp\/v2\/types\/page"}],"author":[{"embeddable":true,"href":"https:\/\/maxkihm.com\/de\/wp-json\/wp\/v2\/users\/1"}],"replies":[{"embeddable":true,"href":"https:\/\/maxkihm.com\/de\/wp-json\/wp\/v2\/comments?post=2035"}],"version-history":[{"count":128,"href":"https:\/\/maxkihm.com\/de\/wp-json\/wp\/v2\/pages\/2035\/revisions"}],"predecessor-version":[{"id":3612,"href":"https:\/\/maxkihm.com\/de\/wp-json\/wp\/v2\/pages\/2035\/revisions\/3612"}],"wp:featuredmedia":[{"embeddable":true,"href":"https:\/\/maxkihm.com\/de\/wp-json\/wp\/v2\/media\/3014"}],"wp:attachment":[{"href":"https:\/\/maxkihm.com\/de\/wp-json\/wp\/v2\/media?parent=2035"}],"curies":[{"name":"wp","href":"https:\/\/api.w.org\/{rel}","templated":true}]}}