{"id":2524,"date":"2022-10-13T14:34:04","date_gmt":"2022-10-13T14:34:04","guid":{"rendered":"https:\/\/maxkihm.com\/leadership-coaching"},"modified":"2023-06-30T11:23:26","modified_gmt":"2023-06-30T11:23:26","slug":"leadership-coaching","status":"publish","type":"page","link":"https:\/\/maxkihm.com\/de\/leadership-coaching","title":{"rendered":"Leadership Coaching"},"content":{"rendered":"<div id=\"cs-content\" class=\"cs-content\"><\/div>\n","protected":false},"excerpt":{"rendered":"<p>Leadership-Coaching Werde ein begeisterter LeaderLeadership-Coaching Werde ein begeisterter Leader F\u00fchren mit Vision und dabei schnelle Entscheidungen erm\u00f6glichen mit Erfahrungen aus dem (Mannschafts-) SportM\u00f6gliche Motive Warum Leadership-Coaching? Wollen Sie wieder motiviert f\u00fchren? Fehlt ihnen die Orientierung? Wollen Sie sich mehr selbst entfalten? Ben\u00f6tigen Sie einen klaren Plan? Wollen Sie ihr Betriebsklima verbessern? Wollen Sie Empowerment f\u00f6rdern? Ziele des Coachings 3 Schritte &#8230; <\/p>\n<div><a href=\"https:\/\/maxkihm.com\/de\/leadership-coaching\" class=\"more-link\">Read More<\/a><\/div>\n","protected":false},"author":1,"featured_media":2507,"parent":0,"menu_order":0,"comment_status":"closed","ping_status":"closed","template":"template-blank-4.php","meta":{"_acf_changed":false,"footnotes":""},"class_list":["post-2524","page","type-page","status-publish","has-post-thumbnail","hentry"],"acf":[],"yoast_head":"<!-- This site is optimized with the Yoast SEO plugin v27.3 - https:\/\/yoast.com\/product\/yoast-seo-wordpress\/ -->\n<title>Leadership Coaching - Max Kihm - Leadership Developer &amp; Basketballcoach<\/title>\n<meta name=\"robots\" content=\"index, follow, max-snippet:-1, max-image-preview:large, max-video-preview:-1\" \/>\n<link rel=\"canonical\" href=\"https:\/\/maxkihm.com\/de\/leadership-coaching\" \/>\n<meta property=\"og:locale\" content=\"de_DE\" \/>\n<meta property=\"og:type\" content=\"article\" \/>\n<meta property=\"og:title\" content=\"Leadership Coaching - Max Kihm - Leadership Developer &amp; Basketballcoach\" \/>\n<meta property=\"og:description\" content=\"Leadership-Coaching Werde ein begeisterter LeaderLeadership-Coaching Werde ein begeisterter Leader F\u00fchren mit Vision und dabei schnelle Entscheidungen erm\u00f6glichen mit Erfahrungen aus dem (Mannschafts-) SportM\u00f6gliche Motive Warum Leadership-Coaching? Wollen Sie wieder motiviert f\u00fchren? Fehlt ihnen die Orientierung? Wollen Sie sich mehr selbst entfalten? Ben\u00f6tigen Sie einen klaren Plan? Wollen Sie ihr Betriebsklima verbessern? Wollen Sie Empowerment f\u00f6rdern? Ziele des Coachings 3 Schritte ... Read More\" \/>\n<meta property=\"og:url\" content=\"https:\/\/maxkihm.com\/de\/leadership-coaching\" \/>\n<meta property=\"og:site_name\" content=\"Max Kihm - Leadership Developer &amp; Basketballcoach\" \/>\n<meta property=\"article:modified_time\" content=\"2023-06-30T11:23:26+00:00\" \/>\n<meta property=\"og:image\" content=\"https:\/\/maxkihm.com\/wp-content\/uploads\/2022\/10\/IMG_9793-scaled.jpg\" \/>\n\t<meta property=\"og:image:width\" content=\"2560\" \/>\n\t<meta property=\"og:image:height\" content=\"1707\" \/>\n\t<meta property=\"og:image:type\" content=\"image\/jpeg\" \/>\n<meta name=\"twitter:card\" content=\"summary_large_image\" \/>\n<script type=\"application\/ld+json\" class=\"yoast-schema-graph\">{\"@context\":\"https:\\\/\\\/schema.org\",\"@graph\":[{\"@type\":\"WebPage\",\"@id\":\"https:\\\/\\\/maxkihm.com\\\/de\\\/leadership-coaching\",\"url\":\"https:\\\/\\\/maxkihm.com\\\/de\\\/leadership-coaching\",\"name\":\"Leadership Coaching - Max Kihm - Leadership Developer &amp; Basketballcoach\",\"isPartOf\":{\"@id\":\"https:\\\/\\\/maxkihm.com\\\/de#website\"},\"primaryImageOfPage\":{\"@id\":\"https:\\\/\\\/maxkihm.com\\\/de\\\/leadership-coaching#primaryimage\"},\"image\":{\"@id\":\"https:\\\/\\\/maxkihm.com\\\/de\\\/leadership-coaching#primaryimage\"},\"thumbnailUrl\":\"https:\\\/\\\/maxkihm.com\\\/wp-content\\\/uploads\\\/2022\\\/10\\\/IMG_9793-scaled.jpg\",\"datePublished\":\"2022-10-13T14:34:04+00:00\",\"dateModified\":\"2023-06-30T11:23:26+00:00\",\"breadcrumb\":{\"@id\":\"https:\\\/\\\/maxkihm.com\\\/de\\\/leadership-coaching#breadcrumb\"},\"inLanguage\":\"de\",\"potentialAction\":[{\"@type\":\"ReadAction\",\"target\":[\"https:\\\/\\\/maxkihm.com\\\/de\\\/leadership-coaching\"]}]},{\"@type\":\"ImageObject\",\"inLanguage\":\"de\",\"@id\":\"https:\\\/\\\/maxkihm.com\\\/de\\\/leadership-coaching#primaryimage\",\"url\":\"https:\\\/\\\/maxkihm.com\\\/wp-content\\\/uploads\\\/2022\\\/10\\\/IMG_9793-scaled.jpg\",\"contentUrl\":\"https:\\\/\\\/maxkihm.com\\\/wp-content\\\/uploads\\\/2022\\\/10\\\/IMG_9793-scaled.jpg\",\"width\":2560,\"height\":1707,\"caption\":\"Trainer Max Kihm - Basketball - 2. Regionalliga S\u00fcd (RLSO) - Saison 2022\\\/23 - TSV Weilheim Red Devils - TV Passau White Wolves - 8. Oktober 2022\"},{\"@type\":\"BreadcrumbList\",\"@id\":\"https:\\\/\\\/maxkihm.com\\\/de\\\/leadership-coaching#breadcrumb\",\"itemListElement\":[{\"@type\":\"ListItem\",\"position\":1,\"name\":\"Startseite\",\"item\":\"https:\\\/\\\/maxkihm.com\\\/de\"},{\"@type\":\"ListItem\",\"position\":2,\"name\":\"Leadership Coaching\"}]},{\"@type\":\"WebSite\",\"@id\":\"https:\\\/\\\/maxkihm.com\\\/de#website\",\"url\":\"https:\\\/\\\/maxkihm.com\\\/de\",\"name\":\"Max Kihm - Leadership Developer &amp; Basketballcoach\",\"description\":\"#Beingenthusiastic\",\"potentialAction\":[{\"@type\":\"SearchAction\",\"target\":{\"@type\":\"EntryPoint\",\"urlTemplate\":\"https:\\\/\\\/maxkihm.com\\\/de?s={search_term_string}\"},\"query-input\":{\"@type\":\"PropertyValueSpecification\",\"valueRequired\":true,\"valueName\":\"search_term_string\"}}],\"inLanguage\":\"de\"}]}<\/script>\n<!-- \/ Yoast SEO plugin. -->","yoast_head_json":{"title":"Leadership Coaching - Max Kihm - Leadership Developer &amp; Basketballcoach","robots":{"index":"index","follow":"follow","max-snippet":"max-snippet:-1","max-image-preview":"max-image-preview:large","max-video-preview":"max-video-preview:-1"},"canonical":"https:\/\/maxkihm.com\/de\/leadership-coaching","og_locale":"de_DE","og_type":"article","og_title":"Leadership Coaching - Max Kihm - Leadership Developer &amp; Basketballcoach","og_description":"Leadership-Coaching Werde ein begeisterter LeaderLeadership-Coaching Werde ein begeisterter Leader F\u00fchren mit Vision und dabei schnelle Entscheidungen erm\u00f6glichen mit Erfahrungen aus dem (Mannschafts-) SportM\u00f6gliche Motive Warum Leadership-Coaching? Wollen Sie wieder motiviert f\u00fchren? Fehlt ihnen die Orientierung? Wollen Sie sich mehr selbst entfalten? Ben\u00f6tigen Sie einen klaren Plan? Wollen Sie ihr Betriebsklima verbessern? Wollen Sie Empowerment f\u00f6rdern? Ziele des Coachings 3 Schritte ... Read More","og_url":"https:\/\/maxkihm.com\/de\/leadership-coaching","og_site_name":"Max Kihm - Leadership Developer &amp; Basketballcoach","article_modified_time":"2023-06-30T11:23:26+00:00","og_image":[{"width":2560,"height":1707,"url":"https:\/\/maxkihm.com\/wp-content\/uploads\/2022\/10\/IMG_9793-scaled.jpg","type":"image\/jpeg"}],"twitter_card":"summary_large_image","schema":{"@context":"https:\/\/schema.org","@graph":[{"@type":"WebPage","@id":"https:\/\/maxkihm.com\/de\/leadership-coaching","url":"https:\/\/maxkihm.com\/de\/leadership-coaching","name":"Leadership Coaching - Max Kihm - Leadership Developer &amp; Basketballcoach","isPartOf":{"@id":"https:\/\/maxkihm.com\/de#website"},"primaryImageOfPage":{"@id":"https:\/\/maxkihm.com\/de\/leadership-coaching#primaryimage"},"image":{"@id":"https:\/\/maxkihm.com\/de\/leadership-coaching#primaryimage"},"thumbnailUrl":"https:\/\/maxkihm.com\/wp-content\/uploads\/2022\/10\/IMG_9793-scaled.jpg","datePublished":"2022-10-13T14:34:04+00:00","dateModified":"2023-06-30T11:23:26+00:00","breadcrumb":{"@id":"https:\/\/maxkihm.com\/de\/leadership-coaching#breadcrumb"},"inLanguage":"de","potentialAction":[{"@type":"ReadAction","target":["https:\/\/maxkihm.com\/de\/leadership-coaching"]}]},{"@type":"ImageObject","inLanguage":"de","@id":"https:\/\/maxkihm.com\/de\/leadership-coaching#primaryimage","url":"https:\/\/maxkihm.com\/wp-content\/uploads\/2022\/10\/IMG_9793-scaled.jpg","contentUrl":"https:\/\/maxkihm.com\/wp-content\/uploads\/2022\/10\/IMG_9793-scaled.jpg","width":2560,"height":1707,"caption":"Trainer Max Kihm - Basketball - 2. Regionalliga S\u00fcd (RLSO) - Saison 2022\/23 - TSV Weilheim Red Devils - TV Passau White Wolves - 8. Oktober 2022"},{"@type":"BreadcrumbList","@id":"https:\/\/maxkihm.com\/de\/leadership-coaching#breadcrumb","itemListElement":[{"@type":"ListItem","position":1,"name":"Startseite","item":"https:\/\/maxkihm.com\/de"},{"@type":"ListItem","position":2,"name":"Leadership Coaching"}]},{"@type":"WebSite","@id":"https:\/\/maxkihm.com\/de#website","url":"https:\/\/maxkihm.com\/de","name":"Max Kihm - Leadership Developer &amp; Basketballcoach","description":"#Beingenthusiastic","potentialAction":[{"@type":"SearchAction","target":{"@type":"EntryPoint","urlTemplate":"https:\/\/maxkihm.com\/de?s={search_term_string}"},"query-input":{"@type":"PropertyValueSpecification","valueRequired":true,"valueName":"search_term_string"}}],"inLanguage":"de"}]}},"_links":{"self":[{"href":"https:\/\/maxkihm.com\/de\/wp-json\/wp\/v2\/pages\/2524","targetHints":{"allow":["GET"]}}],"collection":[{"href":"https:\/\/maxkihm.com\/de\/wp-json\/wp\/v2\/pages"}],"about":[{"href":"https:\/\/maxkihm.com\/de\/wp-json\/wp\/v2\/types\/page"}],"author":[{"embeddable":true,"href":"https:\/\/maxkihm.com\/de\/wp-json\/wp\/v2\/users\/1"}],"replies":[{"embeddable":true,"href":"https:\/\/maxkihm.com\/de\/wp-json\/wp\/v2\/comments?post=2524"}],"version-history":[{"count":37,"href":"https:\/\/maxkihm.com\/de\/wp-json\/wp\/v2\/pages\/2524\/revisions"}],"predecessor-version":[{"id":3000,"href":"https:\/\/maxkihm.com\/de\/wp-json\/wp\/v2\/pages\/2524\/revisions\/3000"}],"wp:featuredmedia":[{"embeddable":true,"href":"https:\/\/maxkihm.com\/de\/wp-json\/wp\/v2\/media\/2507"}],"wp:attachment":[{"href":"https:\/\/maxkihm.com\/de\/wp-json\/wp\/v2\/media?parent=2524"}],"curies":[{"name":"wp","href":"https:\/\/api.w.org\/{rel}","templated":true}]}}