{"id":3290,"date":"2023-10-25T14:24:33","date_gmt":"2023-10-25T14:24:33","guid":{"rendered":"https:\/\/maxkihm.com\/?page_id=3290"},"modified":"2023-12-20T22:41:02","modified_gmt":"2023-12-20T22:41:02","slug":"leadership","status":"publish","type":"page","link":"https:\/\/maxkihm.com\/de\/leadership","title":{"rendered":"Leadership"},"content":{"rendered":"<div id=\"cs-content\" class=\"cs-content\"><\/div>\n","protected":false},"excerpt":{"rendered":"<p>Die Mission: &#8222;F\u00fchren mit Vision &#038; schnelle Entscheidungen erm\u00f6glichen und dabei zu unterst\u00fctzen, Ihr Potential zu entdecken und zu entfalten&#8220;Begeistere mit Erfahrungen aus dem Teamsport Dribbel dich zum LeaderBegeistere mit Erfahrungen aus dem Teamsport Dribbel dich zum LeaderWie Sie mit Vision f\u00fchren und dabei schnelle Entscheidungen erm\u00f6glichenZum BuchWarum mit Vision f&uuml;hren und dabei schnelle entscheidungen erm&ouml;glichen? Inspirierende Keynotes &#038; WorkshopsKeynotesWorkshopWie &#8230; <\/p>\n<div><a href=\"https:\/\/maxkihm.com\/de\/leadership\" class=\"more-link\">Read More<\/a><\/div>\n","protected":false},"author":1,"featured_media":0,"parent":0,"menu_order":0,"comment_status":"closed","ping_status":"closed","template":"template-blank-4.php","meta":{"_acf_changed":false,"footnotes":""},"class_list":["post-3290","page","type-page","status-publish","hentry","no-post-thumbnail"],"acf":[],"yoast_head":"<!-- This site is optimized with the Yoast SEO plugin v27.3 - https:\/\/yoast.com\/product\/yoast-seo-wordpress\/ -->\n<title>Leadership - Max Kihm - Leadership Developer &amp; Basketballcoach<\/title>\n<meta name=\"robots\" content=\"index, follow, max-snippet:-1, max-image-preview:large, max-video-preview:-1\" \/>\n<link rel=\"canonical\" href=\"https:\/\/maxkihm.com\/de\/leadership\" \/>\n<meta property=\"og:locale\" content=\"de_DE\" \/>\n<meta property=\"og:type\" content=\"article\" \/>\n<meta property=\"og:title\" content=\"Leadership - Max Kihm - Leadership Developer &amp; Basketballcoach\" \/>\n<meta property=\"og:description\" content=\"Die Mission: &quot;F\u00fchren mit Vision &amp; schnelle Entscheidungen erm\u00f6glichen und dabei zu unterst\u00fctzen, Ihr Potential zu entdecken und zu entfalten&quot;Begeistere mit Erfahrungen aus dem Teamsport Dribbel dich zum LeaderBegeistere mit Erfahrungen aus dem Teamsport Dribbel dich zum LeaderWie Sie mit Vision f\u00fchren und dabei schnelle Entscheidungen erm\u00f6glichenZum BuchWarum mit Vision f&uuml;hren und dabei schnelle entscheidungen erm&ouml;glichen? Inspirierende Keynotes &amp; WorkshopsKeynotesWorkshopWie ... Read More\" \/>\n<meta property=\"og:url\" content=\"https:\/\/maxkihm.com\/de\/leadership\" \/>\n<meta property=\"og:site_name\" content=\"Max Kihm - Leadership Developer &amp; Basketballcoach\" \/>\n<meta property=\"article:modified_time\" content=\"2023-12-20T22:41:02+00:00\" \/>\n<meta name=\"twitter:card\" content=\"summary_large_image\" \/>\n<meta name=\"twitter:label1\" content=\"Gesch\u00e4tzte Lesezeit\" \/>\n\t<meta name=\"twitter:data1\" content=\"3\u00a0Minuten\" \/>\n<script type=\"application\/ld+json\" class=\"yoast-schema-graph\">{\"@context\":\"https:\\\/\\\/schema.org\",\"@graph\":[{\"@type\":\"WebPage\",\"@id\":\"https:\\\/\\\/maxkihm.com\\\/de\\\/leadership\",\"url\":\"https:\\\/\\\/maxkihm.com\\\/de\\\/leadership\",\"name\":\"Leadership - Max Kihm - Leadership Developer &amp; Basketballcoach\",\"isPartOf\":{\"@id\":\"https:\\\/\\\/maxkihm.com\\\/de#website\"},\"datePublished\":\"2023-10-25T14:24:33+00:00\",\"dateModified\":\"2023-12-20T22:41:02+00:00\",\"breadcrumb\":{\"@id\":\"https:\\\/\\\/maxkihm.com\\\/de\\\/leadership#breadcrumb\"},\"inLanguage\":\"de\",\"potentialAction\":[{\"@type\":\"ReadAction\",\"target\":[\"https:\\\/\\\/maxkihm.com\\\/de\\\/leadership\"]}]},{\"@type\":\"BreadcrumbList\",\"@id\":\"https:\\\/\\\/maxkihm.com\\\/de\\\/leadership#breadcrumb\",\"itemListElement\":[{\"@type\":\"ListItem\",\"position\":1,\"name\":\"Startseite\",\"item\":\"https:\\\/\\\/maxkihm.com\\\/de\"},{\"@type\":\"ListItem\",\"position\":2,\"name\":\"Leadership\"}]},{\"@type\":\"WebSite\",\"@id\":\"https:\\\/\\\/maxkihm.com\\\/de#website\",\"url\":\"https:\\\/\\\/maxkihm.com\\\/de\",\"name\":\"Max Kihm - Leadership Developer &amp; Basketballcoach\",\"description\":\"#Beingenthusiastic\",\"potentialAction\":[{\"@type\":\"SearchAction\",\"target\":{\"@type\":\"EntryPoint\",\"urlTemplate\":\"https:\\\/\\\/maxkihm.com\\\/de?s={search_term_string}\"},\"query-input\":{\"@type\":\"PropertyValueSpecification\",\"valueRequired\":true,\"valueName\":\"search_term_string\"}}],\"inLanguage\":\"de\"}]}<\/script>\n<!-- \/ Yoast SEO plugin. -->","yoast_head_json":{"title":"Leadership - Max Kihm - Leadership Developer &amp; Basketballcoach","robots":{"index":"index","follow":"follow","max-snippet":"max-snippet:-1","max-image-preview":"max-image-preview:large","max-video-preview":"max-video-preview:-1"},"canonical":"https:\/\/maxkihm.com\/de\/leadership","og_locale":"de_DE","og_type":"article","og_title":"Leadership - Max Kihm - Leadership Developer &amp; Basketballcoach","og_description":"Die Mission: \"F\u00fchren mit Vision & schnelle Entscheidungen erm\u00f6glichen und dabei zu unterst\u00fctzen, Ihr Potential zu entdecken und zu entfalten\"Begeistere mit Erfahrungen aus dem Teamsport Dribbel dich zum LeaderBegeistere mit Erfahrungen aus dem Teamsport Dribbel dich zum LeaderWie Sie mit Vision f\u00fchren und dabei schnelle Entscheidungen erm\u00f6glichenZum BuchWarum mit Vision f&uuml;hren und dabei schnelle entscheidungen erm&ouml;glichen? Inspirierende Keynotes & WorkshopsKeynotesWorkshopWie ... Read More","og_url":"https:\/\/maxkihm.com\/de\/leadership","og_site_name":"Max Kihm - Leadership Developer &amp; Basketballcoach","article_modified_time":"2023-12-20T22:41:02+00:00","twitter_card":"summary_large_image","twitter_misc":{"Gesch\u00e4tzte Lesezeit":"3\u00a0Minuten"},"schema":{"@context":"https:\/\/schema.org","@graph":[{"@type":"WebPage","@id":"https:\/\/maxkihm.com\/de\/leadership","url":"https:\/\/maxkihm.com\/de\/leadership","name":"Leadership - Max Kihm - Leadership Developer &amp; Basketballcoach","isPartOf":{"@id":"https:\/\/maxkihm.com\/de#website"},"datePublished":"2023-10-25T14:24:33+00:00","dateModified":"2023-12-20T22:41:02+00:00","breadcrumb":{"@id":"https:\/\/maxkihm.com\/de\/leadership#breadcrumb"},"inLanguage":"de","potentialAction":[{"@type":"ReadAction","target":["https:\/\/maxkihm.com\/de\/leadership"]}]},{"@type":"BreadcrumbList","@id":"https:\/\/maxkihm.com\/de\/leadership#breadcrumb","itemListElement":[{"@type":"ListItem","position":1,"name":"Startseite","item":"https:\/\/maxkihm.com\/de"},{"@type":"ListItem","position":2,"name":"Leadership"}]},{"@type":"WebSite","@id":"https:\/\/maxkihm.com\/de#website","url":"https:\/\/maxkihm.com\/de","name":"Max Kihm - Leadership Developer &amp; Basketballcoach","description":"#Beingenthusiastic","potentialAction":[{"@type":"SearchAction","target":{"@type":"EntryPoint","urlTemplate":"https:\/\/maxkihm.com\/de?s={search_term_string}"},"query-input":{"@type":"PropertyValueSpecification","valueRequired":true,"valueName":"search_term_string"}}],"inLanguage":"de"}]}},"_links":{"self":[{"href":"https:\/\/maxkihm.com\/de\/wp-json\/wp\/v2\/pages\/3290","targetHints":{"allow":["GET"]}}],"collection":[{"href":"https:\/\/maxkihm.com\/de\/wp-json\/wp\/v2\/pages"}],"about":[{"href":"https:\/\/maxkihm.com\/de\/wp-json\/wp\/v2\/types\/page"}],"author":[{"embeddable":true,"href":"https:\/\/maxkihm.com\/de\/wp-json\/wp\/v2\/users\/1"}],"replies":[{"embeddable":true,"href":"https:\/\/maxkihm.com\/de\/wp-json\/wp\/v2\/comments?post=3290"}],"version-history":[{"count":35,"href":"https:\/\/maxkihm.com\/de\/wp-json\/wp\/v2\/pages\/3290\/revisions"}],"predecessor-version":[{"id":3393,"href":"https:\/\/maxkihm.com\/de\/wp-json\/wp\/v2\/pages\/3290\/revisions\/3393"}],"wp:attachment":[{"href":"https:\/\/maxkihm.com\/de\/wp-json\/wp\/v2\/media?parent=3290"}],"curies":[{"name":"wp","href":"https:\/\/api.w.org\/{rel}","templated":true}]}}