{"id":3494,"date":"2024-01-03T14:24:30","date_gmt":"2024-01-03T14:24:30","guid":{"rendered":"https:\/\/maxkihm.com\/30-wochen-drive-challenge"},"modified":"2024-01-03T14:47:11","modified_gmt":"2024-01-03T14:47:11","slug":"30-wochen-drive-challenge","status":"publish","type":"page","link":"https:\/\/maxkihm.com\/de\/30-wochen-drive-challenge","title":{"rendered":"30 Wochen Drive Challenge"},"content":{"rendered":"<div id=\"cs-content\" class=\"cs-content\"><\/div>\n","protected":false},"excerpt":{"rendered":"<p>Entdecke deine Leidenschaft und Motvation! Die 30 Wochen Drive Challenge &#8211; Ein Email-Kurs mit inspirierenden Geschichten, Zitaten und Selbstcoaching-FragenJetzt den Kurs starten Dieser Kurs ist etwas f\u00fcr Sie, wenn Sie&#8230; &#8230;sich selbst besser verstehen, Ihre St\u00e4rken identifizieren und Ihre Pers\u00f6nlichkeit entfalten m\u00f6chten&#8230;.Ihre Leidenschaft entdecken und Ihre innere Motivation st\u00e4rken m\u00f6chten&#8230;.durch inspirierende Geschichten, Zitate und Selbstcoaching-Fragen kontinuierliches pers\u00f6nliches Wachstum erleben m\u00f6chten&#8230;.lernen &#8230; <\/p>\n<div><a href=\"https:\/\/maxkihm.com\/de\/30-wochen-drive-challenge\" class=\"more-link\">Read More<\/a><\/div>\n","protected":false},"author":1,"featured_media":3016,"parent":0,"menu_order":0,"comment_status":"closed","ping_status":"closed","template":"template-blank-4.php","meta":{"_acf_changed":false,"footnotes":""},"class_list":["post-3494","page","type-page","status-publish","has-post-thumbnail","hentry"],"acf":[],"yoast_head":"<!-- This site is optimized with the Yoast SEO plugin v27.3 - https:\/\/yoast.com\/product\/yoast-seo-wordpress\/ -->\n<title>30 Wochen Drive Challenge - Max Kihm - Leadership Developer &amp; Basketballcoach<\/title>\n<meta name=\"robots\" content=\"index, follow, max-snippet:-1, max-image-preview:large, max-video-preview:-1\" \/>\n<link rel=\"canonical\" href=\"https:\/\/maxkihm.com\/de\/30-wochen-drive-challenge\" \/>\n<meta property=\"og:locale\" content=\"de_DE\" \/>\n<meta property=\"og:type\" content=\"article\" \/>\n<meta property=\"og:title\" content=\"30 Wochen Drive Challenge - Max Kihm - Leadership Developer &amp; Basketballcoach\" \/>\n<meta property=\"og:description\" content=\"Entdecke deine Leidenschaft und Motvation! Die 30 Wochen Drive Challenge - Ein Email-Kurs mit inspirierenden Geschichten, Zitaten und Selbstcoaching-FragenJetzt den Kurs starten Dieser Kurs ist etwas f\u00fcr Sie, wenn Sie... ...sich selbst besser verstehen, Ihre St\u00e4rken identifizieren und Ihre Pers\u00f6nlichkeit entfalten m\u00f6chten....Ihre Leidenschaft entdecken und Ihre innere Motivation st\u00e4rken m\u00f6chten....durch inspirierende Geschichten, Zitate und Selbstcoaching-Fragen kontinuierliches pers\u00f6nliches Wachstum erleben m\u00f6chten....lernen ... Read More\" \/>\n<meta property=\"og:url\" content=\"https:\/\/maxkihm.com\/de\/30-wochen-drive-challenge\" \/>\n<meta property=\"og:site_name\" content=\"Max Kihm - Leadership Developer &amp; Basketballcoach\" \/>\n<meta property=\"article:modified_time\" content=\"2024-01-03T14:47:11+00:00\" \/>\n<meta property=\"og:image\" content=\"https:\/\/maxkihm.com\/wp-content\/uploads\/2023\/07\/iStock-1044417958-3.jpg\" \/>\n\t<meta property=\"og:image:width\" content=\"1254\" \/>\n\t<meta property=\"og:image:height\" content=\"836\" \/>\n\t<meta property=\"og:image:type\" content=\"image\/jpeg\" \/>\n<meta name=\"twitter:card\" content=\"summary_large_image\" \/>\n<meta name=\"twitter:label1\" content=\"Gesch\u00e4tzte Lesezeit\" \/>\n\t<meta name=\"twitter:data1\" content=\"8\u00a0Minuten\" \/>\n<script type=\"application\/ld+json\" class=\"yoast-schema-graph\">{\"@context\":\"https:\\\/\\\/schema.org\",\"@graph\":[{\"@type\":\"WebPage\",\"@id\":\"https:\\\/\\\/maxkihm.com\\\/de\\\/30-wochen-drive-challenge\",\"url\":\"https:\\\/\\\/maxkihm.com\\\/de\\\/30-wochen-drive-challenge\",\"name\":\"30 Wochen Drive Challenge - Max Kihm - Leadership Developer &amp; Basketballcoach\",\"isPartOf\":{\"@id\":\"https:\\\/\\\/maxkihm.com\\\/de#website\"},\"primaryImageOfPage\":{\"@id\":\"https:\\\/\\\/maxkihm.com\\\/de\\\/30-wochen-drive-challenge#primaryimage\"},\"image\":{\"@id\":\"https:\\\/\\\/maxkihm.com\\\/de\\\/30-wochen-drive-challenge#primaryimage\"},\"thumbnailUrl\":\"https:\\\/\\\/maxkihm.com\\\/wp-content\\\/uploads\\\/2023\\\/07\\\/iStock-1044417958-3.jpg\",\"datePublished\":\"2024-01-03T14:24:30+00:00\",\"dateModified\":\"2024-01-03T14:47:11+00:00\",\"breadcrumb\":{\"@id\":\"https:\\\/\\\/maxkihm.com\\\/de\\\/30-wochen-drive-challenge#breadcrumb\"},\"inLanguage\":\"de\",\"potentialAction\":[{\"@type\":\"ReadAction\",\"target\":[\"https:\\\/\\\/maxkihm.com\\\/de\\\/30-wochen-drive-challenge\"]}]},{\"@type\":\"ImageObject\",\"inLanguage\":\"de\",\"@id\":\"https:\\\/\\\/maxkihm.com\\\/de\\\/30-wochen-drive-challenge#primaryimage\",\"url\":\"https:\\\/\\\/maxkihm.com\\\/wp-content\\\/uploads\\\/2023\\\/07\\\/iStock-1044417958-3.jpg\",\"contentUrl\":\"https:\\\/\\\/maxkihm.com\\\/wp-content\\\/uploads\\\/2023\\\/07\\\/iStock-1044417958-3.jpg\",\"width\":1254,\"height\":836,\"caption\":\"Young people showing team spirit\"},{\"@type\":\"BreadcrumbList\",\"@id\":\"https:\\\/\\\/maxkihm.com\\\/de\\\/30-wochen-drive-challenge#breadcrumb\",\"itemListElement\":[{\"@type\":\"ListItem\",\"position\":1,\"name\":\"Startseite\",\"item\":\"https:\\\/\\\/maxkihm.com\\\/de\"},{\"@type\":\"ListItem\",\"position\":2,\"name\":\"30 Wochen Drive Challenge\"}]},{\"@type\":\"WebSite\",\"@id\":\"https:\\\/\\\/maxkihm.com\\\/de#website\",\"url\":\"https:\\\/\\\/maxkihm.com\\\/de\",\"name\":\"Max Kihm - Leadership Developer &amp; Basketballcoach\",\"description\":\"#Beingenthusiastic\",\"potentialAction\":[{\"@type\":\"SearchAction\",\"target\":{\"@type\":\"EntryPoint\",\"urlTemplate\":\"https:\\\/\\\/maxkihm.com\\\/de?s={search_term_string}\"},\"query-input\":{\"@type\":\"PropertyValueSpecification\",\"valueRequired\":true,\"valueName\":\"search_term_string\"}}],\"inLanguage\":\"de\"}]}<\/script>\n<!-- \/ Yoast SEO plugin. -->","yoast_head_json":{"title":"30 Wochen Drive Challenge - Max Kihm - Leadership Developer &amp; Basketballcoach","robots":{"index":"index","follow":"follow","max-snippet":"max-snippet:-1","max-image-preview":"max-image-preview:large","max-video-preview":"max-video-preview:-1"},"canonical":"https:\/\/maxkihm.com\/de\/30-wochen-drive-challenge","og_locale":"de_DE","og_type":"article","og_title":"30 Wochen Drive Challenge - Max Kihm - Leadership Developer &amp; Basketballcoach","og_description":"Entdecke deine Leidenschaft und Motvation! Die 30 Wochen Drive Challenge - Ein Email-Kurs mit inspirierenden Geschichten, Zitaten und Selbstcoaching-FragenJetzt den Kurs starten Dieser Kurs ist etwas f\u00fcr Sie, wenn Sie... ...sich selbst besser verstehen, Ihre St\u00e4rken identifizieren und Ihre Pers\u00f6nlichkeit entfalten m\u00f6chten....Ihre Leidenschaft entdecken und Ihre innere Motivation st\u00e4rken m\u00f6chten....durch inspirierende Geschichten, Zitate und Selbstcoaching-Fragen kontinuierliches pers\u00f6nliches Wachstum erleben m\u00f6chten....lernen ... Read More","og_url":"https:\/\/maxkihm.com\/de\/30-wochen-drive-challenge","og_site_name":"Max Kihm - Leadership Developer &amp; Basketballcoach","article_modified_time":"2024-01-03T14:47:11+00:00","og_image":[{"width":1254,"height":836,"url":"https:\/\/maxkihm.com\/wp-content\/uploads\/2023\/07\/iStock-1044417958-3.jpg","type":"image\/jpeg"}],"twitter_card":"summary_large_image","twitter_misc":{"Gesch\u00e4tzte Lesezeit":"8\u00a0Minuten"},"schema":{"@context":"https:\/\/schema.org","@graph":[{"@type":"WebPage","@id":"https:\/\/maxkihm.com\/de\/30-wochen-drive-challenge","url":"https:\/\/maxkihm.com\/de\/30-wochen-drive-challenge","name":"30 Wochen Drive Challenge - Max Kihm - Leadership Developer &amp; Basketballcoach","isPartOf":{"@id":"https:\/\/maxkihm.com\/de#website"},"primaryImageOfPage":{"@id":"https:\/\/maxkihm.com\/de\/30-wochen-drive-challenge#primaryimage"},"image":{"@id":"https:\/\/maxkihm.com\/de\/30-wochen-drive-challenge#primaryimage"},"thumbnailUrl":"https:\/\/maxkihm.com\/wp-content\/uploads\/2023\/07\/iStock-1044417958-3.jpg","datePublished":"2024-01-03T14:24:30+00:00","dateModified":"2024-01-03T14:47:11+00:00","breadcrumb":{"@id":"https:\/\/maxkihm.com\/de\/30-wochen-drive-challenge#breadcrumb"},"inLanguage":"de","potentialAction":[{"@type":"ReadAction","target":["https:\/\/maxkihm.com\/de\/30-wochen-drive-challenge"]}]},{"@type":"ImageObject","inLanguage":"de","@id":"https:\/\/maxkihm.com\/de\/30-wochen-drive-challenge#primaryimage","url":"https:\/\/maxkihm.com\/wp-content\/uploads\/2023\/07\/iStock-1044417958-3.jpg","contentUrl":"https:\/\/maxkihm.com\/wp-content\/uploads\/2023\/07\/iStock-1044417958-3.jpg","width":1254,"height":836,"caption":"Young people showing team spirit"},{"@type":"BreadcrumbList","@id":"https:\/\/maxkihm.com\/de\/30-wochen-drive-challenge#breadcrumb","itemListElement":[{"@type":"ListItem","position":1,"name":"Startseite","item":"https:\/\/maxkihm.com\/de"},{"@type":"ListItem","position":2,"name":"30 Wochen Drive Challenge"}]},{"@type":"WebSite","@id":"https:\/\/maxkihm.com\/de#website","url":"https:\/\/maxkihm.com\/de","name":"Max Kihm - Leadership Developer &amp; Basketballcoach","description":"#Beingenthusiastic","potentialAction":[{"@type":"SearchAction","target":{"@type":"EntryPoint","urlTemplate":"https:\/\/maxkihm.com\/de?s={search_term_string}"},"query-input":{"@type":"PropertyValueSpecification","valueRequired":true,"valueName":"search_term_string"}}],"inLanguage":"de"}]}},"_links":{"self":[{"href":"https:\/\/maxkihm.com\/de\/wp-json\/wp\/v2\/pages\/3494","targetHints":{"allow":["GET"]}}],"collection":[{"href":"https:\/\/maxkihm.com\/de\/wp-json\/wp\/v2\/pages"}],"about":[{"href":"https:\/\/maxkihm.com\/de\/wp-json\/wp\/v2\/types\/page"}],"author":[{"embeddable":true,"href":"https:\/\/maxkihm.com\/de\/wp-json\/wp\/v2\/users\/1"}],"replies":[{"embeddable":true,"href":"https:\/\/maxkihm.com\/de\/wp-json\/wp\/v2\/comments?post=3494"}],"version-history":[{"count":19,"href":"https:\/\/maxkihm.com\/de\/wp-json\/wp\/v2\/pages\/3494\/revisions"}],"predecessor-version":[{"id":3514,"href":"https:\/\/maxkihm.com\/de\/wp-json\/wp\/v2\/pages\/3494\/revisions\/3514"}],"wp:featuredmedia":[{"embeddable":true,"href":"https:\/\/maxkihm.com\/de\/wp-json\/wp\/v2\/media\/3016"}],"wp:attachment":[{"href":"https:\/\/maxkihm.com\/de\/wp-json\/wp\/v2\/media?parent=3494"}],"curies":[{"name":"wp","href":"https:\/\/api.w.org\/{rel}","templated":true}]}}