{"id":4252,"date":"2025-09-08T10:26:28","date_gmt":"2025-09-08T10:26:28","guid":{"rendered":"https:\/\/maxkihm.com\/unlock-your-drive-deine-motivation-und-leidenschaft-german"},"modified":"2025-09-08T10:51:44","modified_gmt":"2025-09-08T10:51:44","slug":"unlock-your-drive-deine-motivation-und-leidenschaft-2","status":"publish","type":"page","link":"https:\/\/maxkihm.com\/de\/unlock-your-drive-deine-motivation-und-leidenschaft-2","title":{"rendered":"Unlock Your Drive &#8211; Deine Motivation und Leidenschaft (German)"},"content":{"rendered":"<div id=\"cs-content\" class=\"cs-content\"><\/div>\n","protected":false},"excerpt":{"rendered":"<p>Jetzt Ebook Kaufen UNLOCK YOUR DRIVE &#8211; Ein 30 t\u00e4giges Tagebuch zur Entdeckung deiner Leidenschaft und Motivation (EBook) F\u00fcr nur 19,99\u20ac anstatt 24,99\u20acUnlock your Drive &#8211; Ein 30-t\u00e4giges Tagebuch zur Entdeckung deiner Leidenschaft und Motivation ist ein inspirierender Begleiter f\u00fcr deine pers\u00f6nliche Reise der Selbstreflexion und Zielfindung. Jeder Tag bietet eine kurze, aber kraftvolle Aufgabe, die dir hilft, deine Leidenschaft &#8230; <\/p>\n<div><a href=\"https:\/\/maxkihm.com\/de\/unlock-your-drive-deine-motivation-und-leidenschaft-2\" class=\"more-link\">Read More<\/a><\/div>\n","protected":false},"author":1,"featured_media":4287,"parent":0,"menu_order":0,"comment_status":"closed","ping_status":"closed","template":"template-blank-1.php","meta":{"_acf_changed":false,"footnotes":""},"class_list":["post-4252","page","type-page","status-publish","has-post-thumbnail","hentry"],"acf":[],"yoast_head":"<!-- This site is optimized with the Yoast SEO plugin v27.3 - https:\/\/yoast.com\/product\/yoast-seo-wordpress\/ -->\n<title>Unlock Your Drive - Deine Motivation und Leidenschaft (German) - Max Kihm - Leadership Developer &amp; Basketballcoach<\/title>\n<meta name=\"robots\" content=\"index, follow, max-snippet:-1, max-image-preview:large, max-video-preview:-1\" \/>\n<link rel=\"canonical\" href=\"https:\/\/maxkihm.com\/de\/unlock-your-drive-deine-motivation-und-leidenschaft-2\" \/>\n<meta property=\"og:locale\" content=\"de_DE\" \/>\n<meta property=\"og:type\" content=\"article\" \/>\n<meta property=\"og:title\" content=\"Unlock Your Drive - Deine Motivation und Leidenschaft (German) - Max Kihm - Leadership Developer &amp; Basketballcoach\" \/>\n<meta property=\"og:description\" content=\"Jetzt Ebook Kaufen UNLOCK YOUR DRIVE - Ein 30 t\u00e4giges Tagebuch zur Entdeckung deiner Leidenschaft und Motivation (EBook) F\u00fcr nur 19,99\u20ac anstatt 24,99\u20acUnlock your Drive - Ein 30-t\u00e4giges Tagebuch zur Entdeckung deiner Leidenschaft und Motivation ist ein inspirierender Begleiter f\u00fcr deine pers\u00f6nliche Reise der Selbstreflexion und Zielfindung. Jeder Tag bietet eine kurze, aber kraftvolle Aufgabe, die dir hilft, deine Leidenschaft ... Read More\" \/>\n<meta property=\"og:url\" content=\"https:\/\/maxkihm.com\/de\/unlock-your-drive-deine-motivation-und-leidenschaft-2\" \/>\n<meta property=\"og:site_name\" content=\"Max Kihm - Leadership Developer &amp; Basketballcoach\" \/>\n<meta property=\"article:modified_time\" content=\"2025-09-08T10:51:44+00:00\" \/>\n<meta property=\"og:image\" content=\"https:\/\/maxkihm.com\/wp-content\/uploads\/2025\/06\/Cover_Tagebuch_2025_Variante2.jpg\" \/>\n\t<meta property=\"og:image:width\" content=\"1024\" \/>\n\t<meta property=\"og:image:height\" content=\"1536\" \/>\n\t<meta property=\"og:image:type\" content=\"image\/jpeg\" \/>\n<meta name=\"twitter:card\" content=\"summary_large_image\" \/>\n<meta name=\"twitter:label1\" content=\"Gesch\u00e4tzte Lesezeit\" \/>\n\t<meta name=\"twitter:data1\" content=\"6\u00a0Minuten\" \/>\n<script type=\"application\/ld+json\" class=\"yoast-schema-graph\">{\"@context\":\"https:\\\/\\\/schema.org\",\"@graph\":[{\"@type\":\"WebPage\",\"@id\":\"https:\\\/\\\/maxkihm.com\\\/de\\\/unlock-your-drive-deine-motivation-und-leidenschaft-2\",\"url\":\"https:\\\/\\\/maxkihm.com\\\/de\\\/unlock-your-drive-deine-motivation-und-leidenschaft-2\",\"name\":\"Unlock Your Drive - Deine Motivation und Leidenschaft (German) - Max Kihm - Leadership Developer &amp; Basketballcoach\",\"isPartOf\":{\"@id\":\"https:\\\/\\\/maxkihm.com\\\/de#website\"},\"primaryImageOfPage\":{\"@id\":\"https:\\\/\\\/maxkihm.com\\\/de\\\/unlock-your-drive-deine-motivation-und-leidenschaft-2#primaryimage\"},\"image\":{\"@id\":\"https:\\\/\\\/maxkihm.com\\\/de\\\/unlock-your-drive-deine-motivation-und-leidenschaft-2#primaryimage\"},\"thumbnailUrl\":\"https:\\\/\\\/maxkihm.com\\\/wp-content\\\/uploads\\\/2025\\\/09\\\/Cover_Tagebuch_2025_Ebook_Englsh.jpg\",\"datePublished\":\"2025-09-08T10:26:28+00:00\",\"dateModified\":\"2025-09-08T10:51:44+00:00\",\"breadcrumb\":{\"@id\":\"https:\\\/\\\/maxkihm.com\\\/de\\\/unlock-your-drive-deine-motivation-und-leidenschaft-2#breadcrumb\"},\"inLanguage\":\"de\",\"potentialAction\":[{\"@type\":\"ReadAction\",\"target\":[\"https:\\\/\\\/maxkihm.com\\\/de\\\/unlock-your-drive-deine-motivation-und-leidenschaft-2\"]}]},{\"@type\":\"ImageObject\",\"inLanguage\":\"de\",\"@id\":\"https:\\\/\\\/maxkihm.com\\\/de\\\/unlock-your-drive-deine-motivation-und-leidenschaft-2#primaryimage\",\"url\":\"https:\\\/\\\/maxkihm.com\\\/wp-content\\\/uploads\\\/2025\\\/09\\\/Cover_Tagebuch_2025_Ebook_Englsh.jpg\",\"contentUrl\":\"https:\\\/\\\/maxkihm.com\\\/wp-content\\\/uploads\\\/2025\\\/09\\\/Cover_Tagebuch_2025_Ebook_Englsh.jpg\",\"width\":1024,\"height\":1536},{\"@type\":\"BreadcrumbList\",\"@id\":\"https:\\\/\\\/maxkihm.com\\\/de\\\/unlock-your-drive-deine-motivation-und-leidenschaft-2#breadcrumb\",\"itemListElement\":[{\"@type\":\"ListItem\",\"position\":1,\"name\":\"Startseite\",\"item\":\"https:\\\/\\\/maxkihm.com\\\/de\"},{\"@type\":\"ListItem\",\"position\":2,\"name\":\"Unlock Your Drive &#8211; Deine Motivation und Leidenschaft (German)\"}]},{\"@type\":\"WebSite\",\"@id\":\"https:\\\/\\\/maxkihm.com\\\/de#website\",\"url\":\"https:\\\/\\\/maxkihm.com\\\/de\",\"name\":\"Max Kihm - Leadership Developer &amp; Basketballcoach\",\"description\":\"#Beingenthusiastic\",\"potentialAction\":[{\"@type\":\"SearchAction\",\"target\":{\"@type\":\"EntryPoint\",\"urlTemplate\":\"https:\\\/\\\/maxkihm.com\\\/de?s={search_term_string}\"},\"query-input\":{\"@type\":\"PropertyValueSpecification\",\"valueRequired\":true,\"valueName\":\"search_term_string\"}}],\"inLanguage\":\"de\"}]}<\/script>\n<!-- \/ Yoast SEO plugin. -->","yoast_head_json":{"title":"Unlock Your Drive - Deine Motivation und Leidenschaft (German) - Max Kihm - Leadership Developer &amp; Basketballcoach","robots":{"index":"index","follow":"follow","max-snippet":"max-snippet:-1","max-image-preview":"max-image-preview:large","max-video-preview":"max-video-preview:-1"},"canonical":"https:\/\/maxkihm.com\/de\/unlock-your-drive-deine-motivation-und-leidenschaft-2","og_locale":"de_DE","og_type":"article","og_title":"Unlock Your Drive - Deine Motivation und Leidenschaft (German) - Max Kihm - Leadership Developer &amp; Basketballcoach","og_description":"Jetzt Ebook Kaufen UNLOCK YOUR DRIVE - Ein 30 t\u00e4giges Tagebuch zur Entdeckung deiner Leidenschaft und Motivation (EBook) F\u00fcr nur 19,99\u20ac anstatt 24,99\u20acUnlock your Drive - Ein 30-t\u00e4giges Tagebuch zur Entdeckung deiner Leidenschaft und Motivation ist ein inspirierender Begleiter f\u00fcr deine pers\u00f6nliche Reise der Selbstreflexion und Zielfindung. Jeder Tag bietet eine kurze, aber kraftvolle Aufgabe, die dir hilft, deine Leidenschaft ... Read More","og_url":"https:\/\/maxkihm.com\/de\/unlock-your-drive-deine-motivation-und-leidenschaft-2","og_site_name":"Max Kihm - Leadership Developer &amp; Basketballcoach","article_modified_time":"2025-09-08T10:51:44+00:00","og_image":[{"width":1024,"height":1536,"url":"https:\/\/maxkihm.com\/wp-content\/uploads\/2025\/06\/Cover_Tagebuch_2025_Variante2.jpg","type":"image\/jpeg"}],"twitter_card":"summary_large_image","twitter_misc":{"Gesch\u00e4tzte Lesezeit":"6\u00a0Minuten"},"schema":{"@context":"https:\/\/schema.org","@graph":[{"@type":"WebPage","@id":"https:\/\/maxkihm.com\/de\/unlock-your-drive-deine-motivation-und-leidenschaft-2","url":"https:\/\/maxkihm.com\/de\/unlock-your-drive-deine-motivation-und-leidenschaft-2","name":"Unlock Your Drive - Deine Motivation und Leidenschaft (German) - Max Kihm - Leadership Developer &amp; Basketballcoach","isPartOf":{"@id":"https:\/\/maxkihm.com\/de#website"},"primaryImageOfPage":{"@id":"https:\/\/maxkihm.com\/de\/unlock-your-drive-deine-motivation-und-leidenschaft-2#primaryimage"},"image":{"@id":"https:\/\/maxkihm.com\/de\/unlock-your-drive-deine-motivation-und-leidenschaft-2#primaryimage"},"thumbnailUrl":"https:\/\/maxkihm.com\/wp-content\/uploads\/2025\/09\/Cover_Tagebuch_2025_Ebook_Englsh.jpg","datePublished":"2025-09-08T10:26:28+00:00","dateModified":"2025-09-08T10:51:44+00:00","breadcrumb":{"@id":"https:\/\/maxkihm.com\/de\/unlock-your-drive-deine-motivation-und-leidenschaft-2#breadcrumb"},"inLanguage":"de","potentialAction":[{"@type":"ReadAction","target":["https:\/\/maxkihm.com\/de\/unlock-your-drive-deine-motivation-und-leidenschaft-2"]}]},{"@type":"ImageObject","inLanguage":"de","@id":"https:\/\/maxkihm.com\/de\/unlock-your-drive-deine-motivation-und-leidenschaft-2#primaryimage","url":"https:\/\/maxkihm.com\/wp-content\/uploads\/2025\/09\/Cover_Tagebuch_2025_Ebook_Englsh.jpg","contentUrl":"https:\/\/maxkihm.com\/wp-content\/uploads\/2025\/09\/Cover_Tagebuch_2025_Ebook_Englsh.jpg","width":1024,"height":1536},{"@type":"BreadcrumbList","@id":"https:\/\/maxkihm.com\/de\/unlock-your-drive-deine-motivation-und-leidenschaft-2#breadcrumb","itemListElement":[{"@type":"ListItem","position":1,"name":"Startseite","item":"https:\/\/maxkihm.com\/de"},{"@type":"ListItem","position":2,"name":"Unlock Your Drive &#8211; Deine Motivation und Leidenschaft (German)"}]},{"@type":"WebSite","@id":"https:\/\/maxkihm.com\/de#website","url":"https:\/\/maxkihm.com\/de","name":"Max Kihm - Leadership Developer &amp; Basketballcoach","description":"#Beingenthusiastic","potentialAction":[{"@type":"SearchAction","target":{"@type":"EntryPoint","urlTemplate":"https:\/\/maxkihm.com\/de?s={search_term_string}"},"query-input":{"@type":"PropertyValueSpecification","valueRequired":true,"valueName":"search_term_string"}}],"inLanguage":"de"}]}},"_links":{"self":[{"href":"https:\/\/maxkihm.com\/de\/wp-json\/wp\/v2\/pages\/4252","targetHints":{"allow":["GET"]}}],"collection":[{"href":"https:\/\/maxkihm.com\/de\/wp-json\/wp\/v2\/pages"}],"about":[{"href":"https:\/\/maxkihm.com\/de\/wp-json\/wp\/v2\/types\/page"}],"author":[{"embeddable":true,"href":"https:\/\/maxkihm.com\/de\/wp-json\/wp\/v2\/users\/1"}],"replies":[{"embeddable":true,"href":"https:\/\/maxkihm.com\/de\/wp-json\/wp\/v2\/comments?post=4252"}],"version-history":[{"count":23,"href":"https:\/\/maxkihm.com\/de\/wp-json\/wp\/v2\/pages\/4252\/revisions"}],"predecessor-version":[{"id":4276,"href":"https:\/\/maxkihm.com\/de\/wp-json\/wp\/v2\/pages\/4252\/revisions\/4276"}],"wp:featuredmedia":[{"embeddable":true,"href":"https:\/\/maxkihm.com\/de\/wp-json\/wp\/v2\/media\/4287"}],"wp:attachment":[{"href":"https:\/\/maxkihm.com\/de\/wp-json\/wp\/v2\/media?parent=4252"}],"curies":[{"name":"wp","href":"https:\/\/api.w.org\/{rel}","templated":true}]}}